{"id":617,"date":"2024-08-31T14:32:33","date_gmt":"2024-08-31T12:32:33","guid":{"rendered":"http:\/\/fedanilabs.de\/?page_id=617"},"modified":"2026-02-03T16:27:34","modified_gmt":"2026-02-03T14:27:34","slug":"impressum","status":"publish","type":"page","link":"http:\/\/fedanilabs.de\/de\/impressum","title":{"rendered":"Impressum"},"content":{"rendered":"<p><strong>Impressum<\/strong><\/p>\n\n\n\n<p><strong>Information pursuant to \u00a7 5 TMG (German Telemedia Act)<\/strong><\/p>\n\n\n\n<p><strong>Website Owner:<\/strong><br>Sch\u00f6neberger, Britz und L\u00f6hlein GbR<br>Represented by the partners: David Britz, Felix Sch\u00f6neberger, Nico L\u00f6hlein<br>K\u00e4strich 8, 55116 Mainz, Germany<\/p>\n\n\n\n<hr class=\"wp-block-separator has-alpha-channel-opacity\"\/>\n\n\n\n<p><strong>Contact Information:<\/strong><br>Email: <a>fedanilabs@gmail.com<\/a><br>Phone: Available upon request<\/p>\n\n\n\n<hr class=\"wp-block-separator has-alpha-channel-opacity\"\/>\n\n\n\n<p><strong>Responsible for content according to \u00a7 55 para. 2 RStV (German Interstate Broadcasting Treaty):<\/strong><br>David Britz, Felix Sch\u00f6neberger, Nico L\u00f6hlein<br>Address: K\u00e4strich 8, 55116 Mainz, Germany<\/p>\n\n\n\n<hr class=\"wp-block-separator has-alpha-channel-opacity\"\/>\n\n\n\n<p><strong>Dispute Resolution:<\/strong><br>The European Commission provides a platform for online dispute resolution (ODR):<br><a class=\"\" href=\"https:\/\/ec.europa.eu\/consumers\/odr\">https:\/\/ec.europa.eu\/consumers\/odr<\/a><\/p>\n\n\n\n<p>You can find our email address above in the legal notice.<\/p>\n\n\n\n<p>We are not willing or obligated to participate in dispute resolution proceedings before a consumer arbitration board.<\/p>\n\n\n\n<hr class=\"wp-block-separator has-alpha-channel-opacity\"\/>\n\n\n\n<p><strong>Hinweis gem\u00e4\u00df ElektroG \/ WEEE<\/strong><br>We are registered in accordance with the German Electrical and Electronic Equipment Act (ElektroG) with the stiftung ear under the registration number WEEE Reg. No. <strong>DE 62692407<\/strong>.<\/p>\n\n\n\n<p>Altger\u00e4te d\u00fcrfen nicht \u00fcber den Hausm\u00fcll entsorgt werden.<br>Verbraucher k\u00f6nnen ihre Altger\u00e4te kostenlos bei kommunalen Sammelstellen (Wertstoffh\u00f6fen) abgeben oder an uns zur\u00fccksenden:<br>FedaniLabs GbR, K\u00e4strich 8, 55116 Mainz.<\/p>\n\n\n\n<p>Wir gew\u00e4hrleisten die ordnungsgem\u00e4\u00dfe R\u00fccknahme und Entsorgung nach den gesetzlichen\u00a0Vorgaben.<\/p>","protected":false},"excerpt":{"rendered":"<p>Imprint Information pursuant to \u00a7 5 TMG (German Telemedia Act) Website Owner:Sch\u00f6neberger, Britz und L\u00f6hlein GbRRepresented by the partners: David Britz, Felix Sch\u00f6neberger, Nico L\u00f6hleinK\u00e4strich 8, 55116 Mainz, Germany Contact Information:Email: fedanilabs@gmail.comPhone: Available upon request Responsible for content according to \u00a7 55 para. 2 RStV (German Interstate Broadcasting Treaty):David Britz, Felix Sch\u00f6neberger, Nico L\u00f6hleinAddress: K\u00e4strich [&hellip;]<\/p>\n","protected":false},"author":1,"featured_media":0,"parent":0,"menu_order":0,"comment_status":"closed","ping_status":"closed","template":"","meta":{"_themeisle_gutenberg_block_has_review":false,"footnotes":""},"class_list":["post-617","page","type-page","status-publish","hentry"],"jetpack_sharing_enabled":true,"_links":{"self":[{"href":"http:\/\/fedanilabs.de\/de\/wp-json\/wp\/v2\/pages\/617","targetHints":{"allow":["GET"]}}],"collection":[{"href":"http:\/\/fedanilabs.de\/de\/wp-json\/wp\/v2\/pages"}],"about":[{"href":"http:\/\/fedanilabs.de\/de\/wp-json\/wp\/v2\/types\/page"}],"author":[{"embeddable":true,"href":"http:\/\/fedanilabs.de\/de\/wp-json\/wp\/v2\/users\/1"}],"replies":[{"embeddable":true,"href":"http:\/\/fedanilabs.de\/de\/wp-json\/wp\/v2\/comments?post=617"}],"version-history":[{"count":9,"href":"http:\/\/fedanilabs.de\/de\/wp-json\/wp\/v2\/pages\/617\/revisions"}],"predecessor-version":[{"id":1059,"href":"http:\/\/fedanilabs.de\/de\/wp-json\/wp\/v2\/pages\/617\/revisions\/1059"}],"wp:attachment":[{"href":"http:\/\/fedanilabs.de\/de\/wp-json\/wp\/v2\/media?parent=617"}],"curies":[{"name":"wp","href":"https:\/\/api.w.org\/{rel}","templated":true}]}}