{"id":1021,"date":"2025-10-25T15:11:20","date_gmt":"2025-10-25T13:11:20","guid":{"rendered":"https:\/\/fedanilabs.de\/?page_id=1021"},"modified":"2025-12-12T14:32:04","modified_gmt":"2025-12-12T12:32:04","slug":"manual","status":"publish","type":"page","link":"https:\/\/fedanilabs.de\/de\/manual","title":{"rendered":"Gebrauchsanweisung"},"content":{"rendered":"<h1 class=\"wp-block-heading\">Tuturials:<\/h1>\n\n\n\n<h2 class=\"wp-block-heading\">1. How to Solder the PCB<\/h2>\n\n\n\n<p>A step-by-step guide on how to properly solder the PCB and insert the grid can be found <a href=\"https:\/\/drive.google.com\/file\/d\/1k60K0WwZFkPabjL2bHcAJXpwO_h1hbl7\/view?usp=drive_link\" data-type=\"link\" data-id=\"https:\/\/drive.google.com\/file\/d\/1k60K0WwZFkPabjL2bHcAJXpwO_h1hbl7\/view?usp=drive_link\"><strong>here<\/strong><\/a>.<\/p>\n\n\n\n<h2 class=\"wp-block-heading\">2. How to use the remote control<\/h2>\n\n\n\n<p>Instructions on how to set the time and colors can be found <strong><a href=\"https:\/\/drive.google.com\/file\/d\/1B0ALwFXGpqXW89qxnbFbbrFnGm58-Asg\/view?usp=drive_link\" data-type=\"link\" data-id=\"https:\/\/drive.google.com\/file\/d\/1B0ALwFXGpqXW89qxnbFbbrFnGm58-Asg\/view?usp=drive_link\">here<\/a><\/strong>.<\/p>\n\n\n\n<h1 class=\"wp-block-heading\">Manual:<\/h1>\n\n\n\n<h2 class=\"wp-block-heading\"><strong>Einsatzbereich<\/strong><\/h2>\n\n\n\n<ul class=\"wp-block-list\">\n<li>TheBinaryClock dient zur einzigartigen Zeitanzeige in digitaler Bin\u00e4rcode-Darstellung und ist <strong>ausschlie\u00dflich f\u00fcr den Innenbereich vorgesehen<\/strong>.<\/li>\n\n\n\n<li>Die Stromversorgung erfolgt \u00fcber das beiliegende Netzteil mit einer Eingangsspannung von <strong>100\u2013240V \/ 50\u201360Hz<\/strong>.<\/li>\n<\/ul>\n\n\n\n<h2 class=\"wp-block-heading\"><strong>Lieferumfang<\/strong><\/h2>\n\n\n\n<ul class=\"wp-block-list\">\n<li>TheBinaryClock<\/li>\n\n\n\n<li>Netzteil<\/li>\n\n\n\n<li>LED-Fernbedienung (inkl. Batterie)<\/li>\n\n\n\n<li>Bedienungsanleitung<\/li>\n<\/ul>\n\n\n\n<h2 class=\"wp-block-heading\"><strong>Installationshinweise<\/strong><\/h2>\n\n\n\n<ul class=\"wp-block-list\">\n<li>Sorgen Sie daf\u00fcr, dass das Ger\u00e4t vor der Montage von der Stromversorgung getrennt ist. <strong>disconnected from the power supply<\/strong> before installation.<\/li>\n\n\n\n<li>Die Uhr sollte in einem gesch\u00fctzten Innenraum aufgestellt oder montiert werden, entfernt von W\u00e4rmequellen oder m\u00f6glichen Brandquellen.<\/li>\n<\/ul>\n\n\n\n<h2 class=\"wp-block-heading\"><strong>Montage<\/strong><\/h2>\n\n\n\n<ol class=\"wp-block-list\">\n<li>Entnehmen Sie TheBinaryClock aus der Verpackung und pr\u00fcfen Sie sie auf sichtbare Sch\u00e4den.<\/li>\n\n\n\n<li>Platzieren Sie das Ger\u00e4t auf einer stabilen Oberfl\u00e4che oder befestigen Sie es mithilfe der vorgesehenen Montagehalterungen an der Wand.<\/li>\n\n\n\n<li>Verwenden Sie <strong>ausschlie\u00dflich das mitgelieferte Netzteil<\/strong> f\u00fcr die Stromversorgung.<\/li>\n\n\n\n<li>Achten Sie darauf, dass keine Kabel unter Spannung stehen oder gequetscht werden.<\/li>\n<\/ol>\n\n\n\n<h2 class=\"wp-block-heading\"><strong>Bedienung<\/strong><\/h2>\n\n\n\n<p>TheBinaryClock wird mit der mitgelieferten LED-Fernbedienung gesteuert.<\/p>\n\n\n\n<ul class=\"wp-block-list\">\n<li>Nutzen Sie die Fernbedienung, um die Anzeige zu aktivieren, Farben anzupassen und weitere Einstellungen vorzunehmen.<\/li>\n\n\n\n<li>Die einzelnen Funktionen der Tasten sind in der nachfolgenden Abbildung dargestellt.<\/li>\n<\/ul>\n\n\n\n<figure class=\"wp-block-image size-large\"><img loading=\"lazy\" decoding=\"async\" width=\"1024\" height=\"760\" src=\"https:\/\/fedanilabs.de\/wp-content\/uploads\/2025\/10\/Bild1-1.png\" alt=\"\" class=\"wp-image-1046\" srcset=\"https:\/\/fedanilabs.de\/wp-content\/uploads\/2025\/10\/Bild1-1.png 1386w, https:\/\/fedanilabs.de\/wp-content\/uploads\/2025\/10\/Bild1-1-300x191.png 300w, https:\/\/fedanilabs.de\/wp-content\/uploads\/2025\/10\/Bild1-1-1024x652.png 1024w, https:\/\/fedanilabs.de\/wp-content\/uploads\/2025\/10\/Bild1-1-768x489.png 768w, https:\/\/fedanilabs.de\/wp-content\/uploads\/2025\/10\/Bild1-1-18x12.png 18w, https:\/\/fedanilabs.de\/wp-content\/uploads\/2025\/10\/Bild1-1-600x382.png 600w\" sizes=\"auto, (max-width: 1024px) 100vw, 1024px\" \/><\/figure>\n\n\n\n<h2 class=\"wp-block-heading\"><strong>Pflege und Wartung<\/strong><\/h2>\n\n\n\n<ul class=\"wp-block-list\">\n<li>Die Uhr ben\u00f6tigt keine regelm\u00e4\u00dfige Wartung.<\/li>\n\n\n\n<li>Zur Reinigung reicht ein trockenes oder leicht feuchtes Tuch (<strong>ziehen Sie vorher den Netzstecker!<\/strong>).<\/li>\n\n\n\n<li>Verwenden Sie keine aggressiven Reinigungsmittel oder scheuernde Stoffe.<\/li>\n\n\n\n<li>Tauchen Sie das Ger\u00e4t niemals in Wasser.<\/li>\n<\/ul>\n\n\n\n<p><strong>Batteriewechsel bei Zeitverlust<\/strong><br>Wenn die Uhrzeit nach einer Trennung vom Stromnetz nicht mehr korrekt angezeigt wird, muss die Batterie des Uhrmoduls (Typ <strong>CR2032<\/strong>) ausgetauscht werden.<\/p>\n\n\n\n<ol class=\"wp-block-list\">\n<li>Schrauben Sie die R\u00fcckwand des Geh\u00e4uses ab.<\/li>\n\n\n\n<li>Entnehmen Sie vorsichtig die Platine, auf der sich die Batterie befindet.<\/li>\n\n\n\n<li>Setzen Sie eine <strong>neue CR2032<\/strong> Batterie ein.<\/li>\n\n\n\n<li>Bauen Sie die R\u00fcckwand wieder ein und achten Sie darauf, dass keine Bauteile besch\u00e4digt werden.<\/li>\n<\/ol>\n\n\n\n<h2 class=\"wp-block-heading\"><strong>Sicherheitsvorkehrungen<\/strong><\/h2>\n\n\n\n<ul class=\"wp-block-list\">\n<li>Halten Sie das Verpackungsmaterial <strong>von Kindern fern<\/strong> (Erstickungsgefahr!).<\/li>\n\n\n\n<li>Das Ger\u00e4t darf <strong>nicht<\/strong> in der Verpackung in Betrieb genommen werden.<\/li>\n\n\n\n<li>Pr\u00fcfen Sie das Produkt vor der ersten Inbetriebnahme auf m\u00f6gliche Sch\u00e4den.<br>Falls das Netzteil oder andere Komponenten defekt sind, darf die Uhr <strong>nicht<\/strong> verwendet werden.<\/li>\n\n\n\n<li>An TheBinaryClock d\u00fcrfen keine Gegenst\u00e4nde befestigt werden.<\/li>\n\n\n\n<li>Es handelt sich <strong>kein Spielzeug<\/strong> und <strong>nicht f\u00fcr Kinder geeignet.<\/strong>.<\/li>\n\n\n\n<li>Vermeiden Sie den Kontakt mit Fl\u00fcssigkeiten.<\/li>\n\n\n\n<li>Trennen Sie immer TheBinaryClock vom Strom bevor Sie ein USB C Kabel an den Arduino anschlie\u00dfen, oder auf sonstige Weise diesen programmieren. Es darf niemals sowohl das Netzteil als auch das USB-Kabel gleichzeitig angeschlossen werden.<br>Never have both the power adapter and a USB cable connected simultaneously.<\/li>\n\n\n\n<li>Bei Verwendung eines nicht vorgesehenen Netzteils (abweichend von <strong>5V DC 2A<\/strong>) aktiviert sich die interne Sicherung, und TheBinaryClock l\u00e4sst sich nicht mehr einschalten.<br>Trennen Sie das Ger\u00e4t in diesem Fall sofort vom Stromnetz. Bei Bedarf kontaktieren Sie uns unter <strong><a>fedanilabs@gmail.com<\/a><\/strong>.<\/li>\n<\/ul>\n\n\n\n<h2 class=\"wp-block-heading\"><strong>Entsorgungshinweise<\/strong><\/h2>\n\n\n\n<ul class=\"wp-block-list\">\n<li>Dieses Produkt darf <strong>nicht<\/strong> \u00fcber den Hausm\u00fcll entsorgt werden.<br>Informationen zur fachgerechten Entsorgung und R\u00fcckgabe finden Sie unter folgendem Link:<br><a href=\"https:\/\/fedanilabs.de\/de\/returnanddisposal\/\" data-type=\"link\" data-id=\"https:\/\/fedanilabs.de\/returnanddisposal\">https:\/\/fedanilabs.de\/returnanddisposal<\/a><\/li>\n<\/ul>\n\n\n\n<h2 class=\"wp-block-heading\"><strong>Technische Spezifikationen<\/strong><\/h2>\n\n\n\n<p><strong>TheBinaryClock<\/strong><br>Anzeige:\u2003Bin\u00e4rcode LED<br>Betriebsspannung:\u2003100-240V 50-60Hz<br>Abmessungen:\u200340cm x 25cm x 3,6cm<\/p>\n\n\n\n<p><strong>Netzteil<\/strong><br>Eingangsspannung:\u2003100-240V 50-60Hz<br>Ausgangsspannung:\u20035V DC 2A<\/p>\n\n\n\n<p><strong>Fernbedienung<\/strong><br>Batterietyp:\u2003Knopfzelle CR2025<\/p>\n\n\n\n<h2 class=\"wp-block-heading\"><strong>Haftungsausschluss<\/strong><\/h2>\n\n\n\n<ul class=\"wp-block-list\">\n<li><strong>Sch\u00f6neberger, Britz &amp; L\u00f6hlein GbR<\/strong> \u00fcbernimmt keine Haftung f\u00fcr Sch\u00e4den, die durch unsachgem\u00e4\u00dfe Verwendung, unsachgem\u00e4\u00dfe Installation oder Missachtung dieser Gebrauchsanweisung entstehen.<\/li>\n\n\n\n<li>TheBinaryClock richtet sich auch an Nutzer, die eigene Programmierungen oder Anpassungen vornehmen m\u00f6chten.<br>Bitte beachten Sie, dass <strong>jegliche Ver\u00e4nderungen an Hard- oder Software auf eigenes Risiko erfolgen.<\/strong>.<br>Die Sch\u00f6neberger, Britz &amp; L\u00f6hlein GbR \u00fcbernimmt keine Haftung f\u00fcr Sch\u00e4den, Fehlfunktionen oder Folgesch\u00e4den, die durch Modifikationen entstehen.<\/li>\n\n\n\n<li>Dieses Produkt verwendet eine integrierte Echtzeituhr.<br>Bei h\u00e4ufigem Ein- und Ausschalten k\u00f6nnen kleinere Zeitabweichungen entstehen.<br>Es handelt sich <strong>nicht um ein pr\u00e4zises Zeitmessger\u00e4t.<\/strong>.<\/li>\n<\/ul>\n\n\n\n<h2 class=\"wp-block-heading\"><strong>Konformit\u00e4tserkl\u00e4rung<\/strong><\/h2>\n\n\n\n<ul class=\"wp-block-list\">\n<li>TheBinaryClock entspricht den geltenden Anforderungen der europ\u00e4ischen Richtlinien und tr\u00e4gt die <strong>CE-Kennzeichnung.<\/strong>.<\/li>\n<\/ul>\n\n\n\n<h2 class=\"wp-block-heading\"><strong>Garantie und Gew\u00e4hrleistung<\/strong><\/h2>\n\n\n\n<ul class=\"wp-block-list\">\n<li>Es gelten die gesetzlichen Gew\u00e4hrleistungsrechte. Eine dar\u00fcber hinausgehende Garantie wird nicht gew\u00e4hrt.<\/li>\n<\/ul>\n\n\n\n<p class=\"has-text-align-center\"><strong>Sch\u00f6neberger, Britz &amp; L\u00f6hlein GbR<\/strong><\/p>\n\n\n\n<p class=\"has-text-align-center\">K\u00e4strich 8, 55116 Mainz, Deutschland<br>www.fedanilabs.de<br><a href=\"mailto:fedanilabs@gmail.com\">fedanilabs@gmail.com<\/a><\/p>","protected":false},"excerpt":{"rendered":"<p>Tuturials: 1. How to Solder the PCB A step-by-step guide on how to properly solder the PCB and insert the grid can be found here. 2. How to use the remote control Instructions on how to set the time and colors can be found here. Manual: Intended Use Contents Installation Instructions Mounting Operation TheBinaryClock is [&hellip;]<\/p>\n","protected":false},"author":1,"featured_media":0,"parent":0,"menu_order":0,"comment_status":"closed","ping_status":"closed","template":"","meta":{"_themeisle_gutenberg_block_has_review":false,"footnotes":""},"class_list":["post-1021","page","type-page","status-publish","hentry"],"jetpack_sharing_enabled":true,"_links":{"self":[{"href":"https:\/\/fedanilabs.de\/de\/wp-json\/wp\/v2\/pages\/1021","targetHints":{"allow":["GET"]}}],"collection":[{"href":"https:\/\/fedanilabs.de\/de\/wp-json\/wp\/v2\/pages"}],"about":[{"href":"https:\/\/fedanilabs.de\/de\/wp-json\/wp\/v2\/types\/page"}],"author":[{"embeddable":true,"href":"https:\/\/fedanilabs.de\/de\/wp-json\/wp\/v2\/users\/1"}],"replies":[{"embeddable":true,"href":"https:\/\/fedanilabs.de\/de\/wp-json\/wp\/v2\/comments?post=1021"}],"version-history":[{"count":17,"href":"https:\/\/fedanilabs.de\/de\/wp-json\/wp\/v2\/pages\/1021\/revisions"}],"predecessor-version":[{"id":1057,"href":"https:\/\/fedanilabs.de\/de\/wp-json\/wp\/v2\/pages\/1021\/revisions\/1057"}],"wp:attachment":[{"href":"https:\/\/fedanilabs.de\/de\/wp-json\/wp\/v2\/media?parent=1021"}],"curies":[{"name":"wp","href":"https:\/\/api.w.org\/{rel}","templated":true}]}}