{"id":1029,"date":"2025-10-25T15:39:06","date_gmt":"2025-10-25T13:39:06","guid":{"rendered":"https:\/\/fedanilabs.de\/?page_id=1029"},"modified":"2025-10-25T15:52:43","modified_gmt":"2025-10-25T13:52:43","slug":"returnanddisposal","status":"publish","type":"page","link":"https:\/\/fedanilabs.de\/de\/returnanddisposal","title":{"rendered":"Return &amp; Disposal"},"content":{"rendered":"<p><strong>R\u00fcckgabe<\/strong><br>F\u00fcr R\u00fcckgaben oder Reparaturen kontaktieren Sie uns bitte vorab unter <a>fedanilabs@gmail.com<\/a>.<br>Nach R\u00fccksprache kann das Ger\u00e4t an folgende Adresse gesendet werden:<br><strong>FedaniLabs GbR, K\u00e4strich 8, 55116 Mainz.<\/strong><\/p>\n\n\n\n<p><strong>Entsorgung \/ WEEE-Hinweis<\/strong><br>Dieses Produkt darf nicht \u00fcber den Hausm\u00fcll entsorgt werden.<br>Altger\u00e4te k\u00f6nnen kostenlos an kommunalen Sammelstellen (Wertstoffh\u00f6fen) abgegeben oder direkt an uns zur\u00fcckgesendet werden:<br><strong>FedaniLabs GbR, K\u00e4strich 8, 55116 Mainz.<\/strong><br>Wir sorgen f\u00fcr eine fachgerechte Entsorgung\u00a0gem\u00e4\u00df\u00a0ElektroG.<\/p>","protected":false},"excerpt":{"rendered":"<p>ReturnFor returns or repairs, please contact us in advance at fedanilabs@gmail.com.After prior consultation, the device can be sent to the following address:FedaniLabs GbR, K\u00e4strich 8, 55116 Mainz, Germany Disposal \/ WEEE NoticeThis product must not be disposed of with household waste.Old devices can be returned free of charge to local collection points (recycling centers) or [&hellip;]<\/p>\n","protected":false},"author":1,"featured_media":0,"parent":0,"menu_order":0,"comment_status":"closed","ping_status":"closed","template":"","meta":{"_themeisle_gutenberg_block_has_review":false,"footnotes":""},"class_list":["post-1029","page","type-page","status-publish","hentry"],"jetpack_sharing_enabled":true,"_links":{"self":[{"href":"https:\/\/fedanilabs.de\/de\/wp-json\/wp\/v2\/pages\/1029","targetHints":{"allow":["GET"]}}],"collection":[{"href":"https:\/\/fedanilabs.de\/de\/wp-json\/wp\/v2\/pages"}],"about":[{"href":"https:\/\/fedanilabs.de\/de\/wp-json\/wp\/v2\/types\/page"}],"author":[{"embeddable":true,"href":"https:\/\/fedanilabs.de\/de\/wp-json\/wp\/v2\/users\/1"}],"replies":[{"embeddable":true,"href":"https:\/\/fedanilabs.de\/de\/wp-json\/wp\/v2\/comments?post=1029"}],"version-history":[{"count":3,"href":"https:\/\/fedanilabs.de\/de\/wp-json\/wp\/v2\/pages\/1029\/revisions"}],"predecessor-version":[{"id":1034,"href":"https:\/\/fedanilabs.de\/de\/wp-json\/wp\/v2\/pages\/1029\/revisions\/1034"}],"wp:attachment":[{"href":"https:\/\/fedanilabs.de\/de\/wp-json\/wp\/v2\/media?parent=1029"}],"curies":[{"name":"wp","href":"https:\/\/api.w.org\/{rel}","templated":true}]}}