{"id":66,"date":"2024-06-18T14:43:12","date_gmt":"2024-06-18T14:43:12","guid":{"rendered":"http:\/\/fedanilabs.de\/about-page"},"modified":"2025-06-14T10:54:55","modified_gmt":"2025-06-14T08:54:55","slug":"unser-team","status":"publish","type":"page","link":"https:\/\/fedanilabs.de\/de\/unser-team","title":{"rendered":"Who We Are"},"content":{"rendered":"<div class=\"wp-block-group alignfull has-raft-fg-color has-raft-bg-background-color has-text-color has-background has-link-color wp-elements-c8fc0d9ddb2d930b54371ad1990b1234 is-layout-constrained wp-container-core-group-is-layout-c271bb01 wp-block-group-is-layout-constrained\" style=\"border-style:none;border-width:0px;margin-top:0;margin-bottom:0;padding-top:var(--wp--preset--spacing--80);padding-right:var(--wp--preset--spacing--40);padding-bottom:var(--wp--preset--spacing--80);padding-left:var(--wp--preset--spacing--40)\">\n<div class=\"wp-block-columns alignwide is-layout-flex wp-container-core-columns-is-layout-9cad5244 wp-block-columns-is-layout-flex\" style=\"margin-top:0;margin-bottom:0\">\n<div class=\"wp-block-column is-layout-flow wp-container-core-column-is-layout-f5bb311e wp-block-column-is-layout-flow\">\n<figure class=\"wp-block-image size-full\"><img loading=\"lazy\" decoding=\"async\" width=\"360\" height=\"360\" src=\"http:\/\/fedanilabs.de\/wp-content\/uploads\/2024\/08\/D0F4F54D-5E01-49B6-9C30-73F8E8C03262_4_5005_c-3-edited.jpeg\" alt=\"\" class=\"wp-image-578\" srcset=\"https:\/\/fedanilabs.de\/wp-content\/uploads\/2024\/08\/D0F4F54D-5E01-49B6-9C30-73F8E8C03262_4_5005_c-3-edited.jpeg 360w, https:\/\/fedanilabs.de\/wp-content\/uploads\/2024\/08\/D0F4F54D-5E01-49B6-9C30-73F8E8C03262_4_5005_c-3-edited-300x300.jpeg 300w, https:\/\/fedanilabs.de\/wp-content\/uploads\/2024\/08\/D0F4F54D-5E01-49B6-9C30-73F8E8C03262_4_5005_c-3-edited-150x150.jpeg 150w, https:\/\/fedanilabs.de\/wp-content\/uploads\/2024\/08\/D0F4F54D-5E01-49B6-9C30-73F8E8C03262_4_5005_c-3-edited-100x100.jpeg 100w\" sizes=\"auto, (max-width: 360px) 100vw, 360px\" \/><\/figure>\n\n\n\n<h3 class=\"wp-block-heading has-medium-font-size\">David<\/h3>\n\n\n\n<p class=\"has-small-font-size\" style=\"font-style:normal;font-weight:600;text-transform:capitalize\">Unser Mann f\u00fcr die Hardware<\/p>\n\n\n\n<ul class=\"wp-block-social-links is-style-logos-only is-layout-flex wp-container-core-social-links-is-layout-9f1a95c5 wp-block-social-links-is-layout-flex\"><li class=\"wp-social-link wp-social-link-linkedin  wp-block-social-link\"><a rel=\"noopener nofollow\" target=\"_blank\" href=\"https:\/\/www.linkedin.com\/in\/david-leon-britz\" class=\"wp-block-social-link-anchor\"><svg width=\"24\" height=\"24\" viewbox=\"0 0 24 24\" version=\"1.1\" xmlns=\"http:\/\/www.w3.org\/2000\/svg\" aria-hidden=\"true\" focusable=\"false\"><path d=\"M19.7,3H4.3C3.582,3,3,3.582,3,4.3v15.4C3,20.418,3.582,21,4.3,21h15.4c0.718,0,1.3-0.582,1.3-1.3V4.3 C21,3.582,20.418,3,19.7,3z M8.339,18.338H5.667v-8.59h2.672V18.338z M7.004,8.574c-0.857,0-1.549-0.694-1.549-1.548 c0-0.855,0.691-1.548,1.549-1.548c0.854,0,1.547,0.694,1.547,1.548C8.551,7.881,7.858,8.574,7.004,8.574z M18.339,18.338h-2.669 v-4.177c0-0.996-0.017-2.278-1.387-2.278c-1.389,0-1.601,1.086-1.601,2.206v4.249h-2.667v-8.59h2.559v1.174h0.037 c0.356-0.675,1.227-1.387,2.526-1.387c2.703,0,3.203,1.779,3.203,4.092V18.338z\"><\/path><\/svg><span class=\"wp-block-social-link-label screen-reader-text\">LinkedIn<\/span><\/a><\/li><\/ul>\n<\/div>\n\n\n\n<div class=\"wp-block-column is-layout-flow wp-container-core-column-is-layout-f5bb311e wp-block-column-is-layout-flow\">\n<figure class=\"wp-block-image size-large size-full\"><img loading=\"lazy\" decoding=\"async\" width=\"1024\" height=\"1024\" src=\"https:\/\/fedanilabs.de\/wp-content\/uploads\/2024\/09\/image0-2-1024x1024.jpeg\" alt=\"\" class=\"wp-image-804\" style=\"object-fit:cover\" srcset=\"https:\/\/fedanilabs.de\/wp-content\/uploads\/2024\/09\/image0-2-1024x1024.jpeg 1024w, https:\/\/fedanilabs.de\/wp-content\/uploads\/2024\/09\/image0-2-300x300.jpeg 300w, https:\/\/fedanilabs.de\/wp-content\/uploads\/2024\/09\/image0-2-150x150.jpeg 150w, https:\/\/fedanilabs.de\/wp-content\/uploads\/2024\/09\/image0-2-768x768.jpeg 768w, https:\/\/fedanilabs.de\/wp-content\/uploads\/2024\/09\/image0-2-1536x1536.jpeg 1536w, https:\/\/fedanilabs.de\/wp-content\/uploads\/2024\/09\/image0-2-2048x2048.jpeg 2048w, https:\/\/fedanilabs.de\/wp-content\/uploads\/2024\/09\/image0-2-600x600.jpeg 600w, https:\/\/fedanilabs.de\/wp-content\/uploads\/2024\/09\/image0-2-100x100.jpeg 100w\" sizes=\"auto, (max-width: 1024px) 100vw, 1024px\" \/><\/figure>\n\n\n\n<h3 class=\"wp-block-heading has-medium-font-size\">Nico<\/h3>\n\n\n\n<p class=\"has-small-font-size\" style=\"font-style:normal;font-weight:600;text-transform:capitalize\">Der Finance Bro<\/p>\n\n\n\n<ul class=\"wp-block-social-links is-style-logos-only is-layout-flex wp-container-core-social-links-is-layout-9f1a95c5 wp-block-social-links-is-layout-flex\"><li class=\"wp-social-link wp-social-link-linkedin  wp-block-social-link\"><a rel=\"noopener nofollow\" target=\"_blank\" href=\"https:\/\/www.linkedin.com\/in\/nico-constantin-l%C3%B6hlein-707617326\/?utm_source=share&#038;utm_campaign=share_via&#038;utm_content=profile&#038;utm_medium=ios_app\" class=\"wp-block-social-link-anchor\"><svg width=\"24\" height=\"24\" viewbox=\"0 0 24 24\" version=\"1.1\" xmlns=\"http:\/\/www.w3.org\/2000\/svg\" aria-hidden=\"true\" focusable=\"false\"><path d=\"M19.7,3H4.3C3.582,3,3,3.582,3,4.3v15.4C3,20.418,3.582,21,4.3,21h15.4c0.718,0,1.3-0.582,1.3-1.3V4.3 C21,3.582,20.418,3,19.7,3z M8.339,18.338H5.667v-8.59h2.672V18.338z M7.004,8.574c-0.857,0-1.549-0.694-1.549-1.548 c0-0.855,0.691-1.548,1.549-1.548c0.854,0,1.547,0.694,1.547,1.548C8.551,7.881,7.858,8.574,7.004,8.574z M18.339,18.338h-2.669 v-4.177c0-0.996-0.017-2.278-1.387-2.278c-1.389,0-1.601,1.086-1.601,2.206v4.249h-2.667v-8.59h2.559v1.174h0.037 c0.356-0.675,1.227-1.387,2.526-1.387c2.703,0,3.203,1.779,3.203,4.092V18.338z\"><\/path><\/svg><span class=\"wp-block-social-link-label screen-reader-text\">LinkedIn<\/span><\/a><\/li><\/ul>\n<\/div>\n\n\n\n<div class=\"wp-block-column is-layout-flow wp-container-core-column-is-layout-f5bb311e wp-block-column-is-layout-flow\">\n<figure class=\"wp-block-image size-full\"><img loading=\"lazy\" decoding=\"async\" width=\"1200\" height=\"1200\" src=\"https:\/\/fedanilabs.de\/wp-content\/uploads\/2024\/09\/image0-3.jpeg\" alt=\"\" class=\"wp-image-806\" style=\"object-fit:cover\" srcset=\"https:\/\/fedanilabs.de\/wp-content\/uploads\/2024\/09\/image0-3.jpeg 1200w, https:\/\/fedanilabs.de\/wp-content\/uploads\/2024\/09\/image0-3-300x300.jpeg 300w, https:\/\/fedanilabs.de\/wp-content\/uploads\/2024\/09\/image0-3-1024x1024.jpeg 1024w, https:\/\/fedanilabs.de\/wp-content\/uploads\/2024\/09\/image0-3-150x150.jpeg 150w, https:\/\/fedanilabs.de\/wp-content\/uploads\/2024\/09\/image0-3-768x768.jpeg 768w, https:\/\/fedanilabs.de\/wp-content\/uploads\/2024\/09\/image0-3-600x600.jpeg 600w, https:\/\/fedanilabs.de\/wp-content\/uploads\/2024\/09\/image0-3-100x100.jpeg 100w\" sizes=\"auto, (max-width: 1200px) 100vw, 1200px\" \/><\/figure>\n\n\n\n<h3 class=\"wp-block-heading has-medium-font-size\">Felix<\/h3>\n\n\n\n<p class=\"has-small-font-size\" style=\"font-style:normal;font-weight:600;text-transform:capitalize\">Der ITler<\/p>\n\n\n\n<ul class=\"wp-block-social-links is-style-logos-only is-layout-flex wp-container-core-social-links-is-layout-9f1a95c5 wp-block-social-links-is-layout-flex\"><li class=\"wp-social-link wp-social-link-linkedin  wp-block-social-link\"><a rel=\"noopener nofollow\" target=\"_blank\" href=\"https:\/\/www.linkedin.com\/in\/felix-sch\u00f6neberger-051314326\" class=\"wp-block-social-link-anchor\"><svg width=\"24\" height=\"24\" viewbox=\"0 0 24 24\" version=\"1.1\" xmlns=\"http:\/\/www.w3.org\/2000\/svg\" aria-hidden=\"true\" focusable=\"false\"><path d=\"M19.7,3H4.3C3.582,3,3,3.582,3,4.3v15.4C3,20.418,3.582,21,4.3,21h15.4c0.718,0,1.3-0.582,1.3-1.3V4.3 C21,3.582,20.418,3,19.7,3z M8.339,18.338H5.667v-8.59h2.672V18.338z M7.004,8.574c-0.857,0-1.549-0.694-1.549-1.548 c0-0.855,0.691-1.548,1.549-1.548c0.854,0,1.547,0.694,1.547,1.548C8.551,7.881,7.858,8.574,7.004,8.574z M18.339,18.338h-2.669 v-4.177c0-0.996-0.017-2.278-1.387-2.278c-1.389,0-1.601,1.086-1.601,2.206v4.249h-2.667v-8.59h2.559v1.174h0.037 c0.356-0.675,1.227-1.387,2.526-1.387c2.703,0,3.203,1.779,3.203,4.092V18.338z\"><\/path><\/svg><span class=\"wp-block-social-link-label screen-reader-text\">LinkedIn<\/span><\/a><\/li><\/ul>\n<\/div>\n<\/div>\n<\/div>\n\n\n\n<div class=\"wp-block-group alignfull has-raft-fg-alt-color has-raft-bg-inv-background-color has-text-color has-background has-link-color wp-elements-a22f8bc45d7b1fae9a63282bbe3ccf17 is-layout-constrained wp-container-core-group-is-layout-c2b63da3 wp-block-group-is-layout-constrained\" style=\"margin-top:0px;margin-bottom:0px;padding-top:var(--wp--preset--spacing--80);padding-right:var(--wp--preset--spacing--40);padding-bottom:var(--wp--preset--spacing--80);padding-left:var(--wp--preset--spacing--40)\">\n<div class=\"wp-block-group is-layout-constrained wp-container-core-group-is-layout-a099c240 wp-block-group-is-layout-constrained\">\n<figure class=\"wp-block-image size-large\"><img loading=\"lazy\" decoding=\"async\" width=\"1024\" height=\"473\" src=\"http:\/\/fedanilabs.de\/wp-content\/uploads\/2024\/06\/6bcc9f32-b632-4dbe-b6b4-10bd5d5302d7-1024x473.jpg\" alt=\"\" class=\"wp-image-91\" srcset=\"https:\/\/fedanilabs.de\/wp-content\/uploads\/2024\/06\/6bcc9f32-b632-4dbe-b6b4-10bd5d5302d7-1024x473.jpg 1024w, https:\/\/fedanilabs.de\/wp-content\/uploads\/2024\/06\/6bcc9f32-b632-4dbe-b6b4-10bd5d5302d7-300x139.jpg 300w, https:\/\/fedanilabs.de\/wp-content\/uploads\/2024\/06\/6bcc9f32-b632-4dbe-b6b4-10bd5d5302d7-768x355.jpg 768w, https:\/\/fedanilabs.de\/wp-content\/uploads\/2024\/06\/6bcc9f32-b632-4dbe-b6b4-10bd5d5302d7-1536x710.jpg 1536w, https:\/\/fedanilabs.de\/wp-content\/uploads\/2024\/06\/6bcc9f32-b632-4dbe-b6b4-10bd5d5302d7-600x277.jpg 600w, https:\/\/fedanilabs.de\/wp-content\/uploads\/2024\/06\/6bcc9f32-b632-4dbe-b6b4-10bd5d5302d7.jpg 2000w\" sizes=\"auto, (max-width: 1024px) 100vw, 1024px\" \/><\/figure>\n\n\n\n<h2 class=\"wp-block-heading has-text-align-center\">Unsere Philosophie<\/h2>\n\n\n\n<p>Als drei Musketiere kennen wir uns schon lange. Fr\u00fcher haben wir zusammen Raketen, Roboter und Videospiele gebaut; heute gehen wir gr\u00f6\u00dfere Projekte an.<\/p>\n\n\n\n<p>Gemeinsam haben wir aus Freude am Erfinden und Bauen Jugend forscht-Wettbewerbe gewonnen und sind seit Jahren ein Team, das sich effizient erg\u00e4nzt und zur H\u00f6chstleistung motiviert.<\/p>\n\n\n\n<p>Wir bringen starke IT-Kenntnisse, unternehmerischen Geist und Business-Wissen unter einen Hut, vereint durch die Leidenschaft f\u00fcr Innovation.<\/p>\n\n\n\n<p><strong>FedaniLabs<\/strong> soll unsere besten Ideen marktreif und mit einem Blick f\u00fcrs \u00c4sthetische f\u00fcr alle verf\u00fcgbar machen, die wie wir ticken und es zeigen wollen!<\/p>\n\n\n\n<p>Diesen Traum k\u00f6nnen wir nur durch eure Unterst\u00fctzung verwirklichen! Von daher ein gro\u00dfes Danke von,<\/p>\n\n\n\n<p><br><strong><mark style=\"background-color:rgba(0, 0, 0, 0)\" class=\"has-inline-color has-raft-accent-secondary-color\">Fe<\/mark><\/strong>lix, <strong><mark style=\"background-color:rgba(0, 0, 0, 0)\" class=\"has-inline-color has-raft-accent-secondary-color\">Da<\/mark><\/strong>vid, <mark style=\"background-color:rgba(0, 0, 0, 0)\" class=\"has-inline-color has-raft-accent-secondary-color\"><strong>Ni<\/strong><\/mark>co<\/p>\n\n\n\n<hr class=\"wp-block-separator has-alpha-channel-opacity\"\/>\n\n\n\n<p><\/p>\n<\/div>\n<\/div>","protected":false},"excerpt":{"rendered":"<p>David Our Hardware Guy Nico The Finance Bro Felix The IT Guy Our Philosophy Like the three musketeers, we\u2019ve known each other for a long time. What started with building rockets, robots, and video games has grown into a shared passion for tackling bigger, more ambitious projects. Driven by the joy of creating, we\u2019ve won [&hellip;]<\/p>\n","protected":false},"author":1,"featured_media":0,"parent":0,"menu_order":0,"comment_status":"closed","ping_status":"closed","template":"","meta":{"_themeisle_gutenberg_block_has_review":false,"footnotes":""},"class_list":["post-66","page","type-page","status-publish","hentry"],"jetpack_sharing_enabled":true,"_links":{"self":[{"href":"https:\/\/fedanilabs.de\/de\/wp-json\/wp\/v2\/pages\/66","targetHints":{"allow":["GET"]}}],"collection":[{"href":"https:\/\/fedanilabs.de\/de\/wp-json\/wp\/v2\/pages"}],"about":[{"href":"https:\/\/fedanilabs.de\/de\/wp-json\/wp\/v2\/types\/page"}],"author":[{"embeddable":true,"href":"https:\/\/fedanilabs.de\/de\/wp-json\/wp\/v2\/users\/1"}],"replies":[{"embeddable":true,"href":"https:\/\/fedanilabs.de\/de\/wp-json\/wp\/v2\/comments?post=66"}],"version-history":[{"count":29,"href":"https:\/\/fedanilabs.de\/de\/wp-json\/wp\/v2\/pages\/66\/revisions"}],"predecessor-version":[{"id":1010,"href":"https:\/\/fedanilabs.de\/de\/wp-json\/wp\/v2\/pages\/66\/revisions\/1010"}],"wp:attachment":[{"href":"https:\/\/fedanilabs.de\/de\/wp-json\/wp\/v2\/media?parent=66"}],"curies":[{"name":"wp","href":"https:\/\/api.w.org\/{rel}","templated":true}]}}