{"id":756,"date":"2024-09-26T13:05:06","date_gmt":"2024-09-26T11:05:06","guid":{"rendered":"https:\/\/fedanilabs.de\/?page_id=756"},"modified":"2025-06-14T10:35:18","modified_gmt":"2025-06-14T08:35:18","slug":"anleitung","status":"publish","type":"page","link":"https:\/\/fedanilabs.de\/de\/anleitung","title":{"rendered":"Anleitung"},"content":{"rendered":"<div class=\"wp-block-group meine-volle-breite-gruppe ticss-cc9dc858 has-raft-bg-color has-raft-fg-background-color has-text-color has-background has-link-color wp-elements-ecd4e9faaa5dca29b63182b44406b996 is-content-justification-center is-layout-constrained wp-block-group-is-layout-constrained\" style=\"padding-top:var(--wp--preset--spacing--80);padding-bottom:var(--wp--preset--spacing--80)\">\n<h2 class=\"wp-block-heading\"><strong>Das Bin\u00e4rsystem<\/strong><\/h2>\n\n\n\n<p>Hier erkl\u00e4ren wir dir, wie das Bin\u00e4rsystem funktioniert, damit du verstehst, was hinter der Uhr steckt. Willst du nur die Uhr lesen k\u00f6nnen, lies einfach weiter bei <em>Die Uhr<\/em>.<\/p>\n\n\n\n<p>Im Dezimalsystem setzt sich eine Zahl wie 573 aus den Teilen 5*100, 7*10 und 3*1 zusammen. Die Ziffern werden also mit 1, 10 und 100 multipliziert, je nachdem, an welcher Stelle sie stehen.<\/p>\n\n\n\n<p>Diese Zahlen (1, 10, 100) sind Potenzen von 10: 10\u2070 = 1, 10\u00b9 = 10 und 10\u00b2 = 100. Das Dezimalsystem verwendet 10 verschiedene Ziffern (0-9), und deshalb muss die Zahl 10 bereits mit zwei Stellen dargestellt werden.<\/p>\n\n\n\n<p>Da das Bin\u00e4rsystem nur zwei Ziffern (0 und 1) verwendet, werden die Stellen mit Potenzen von 2 multipliziert. Die erste Stelle (ganz rechts) wird mit 2\u2070 multipliziert, die zweite mit 2\u00b9 und so weiter. Wie im Dezimalsystem werden die Potenzen von rechts nach links gr\u00f6\u00dfer.<\/p>\n\n\n\n<p>Die Zahl 10110 im Bin\u00e4rsystem wird so berechnet:<\/p>\n\n\n\n<p class=\"has-text-align-center\">10110 = 1\u00d72\u2074 + 0\u00d72\u00b3 + 1\u00d72\u00b2 + 1\u00d72\u00b9 + 0\u00d72\u2070 = 16 + 0 + 4 + 2 + 0 = <strong>22<\/strong><\/p>\n<\/div>\n\n\n\n<div id=\"DieUhr\" class=\"wp-block-group is-layout-constrained wp-block-group-is-layout-constrained\" style=\"padding-top:var(--wp--preset--spacing--80);padding-bottom:var(--wp--preset--spacing--80)\">\n<h2 class=\"wp-block-heading\"><strong>Die Uhr<\/strong><\/h2>\n\n\n\n<p>Bei TheBinaryClock entspricht jede Zeile von Lampen (gleiche Farbe) einer Bin\u00e4rzahl.<br>Each light in a row therefore represents either a 1 or a 0:<\/p>\n\n\n\n<div class=\"wp-block-group is-nowrap is-layout-flex wp-container-core-group-is-layout-6c531013 wp-block-group-is-layout-flex\">\n<figure class=\"wp-block-image size-full\"><img loading=\"lazy\" decoding=\"async\" width=\"948\" height=\"594\" src=\"https:\/\/fedanilabs.de\/wp-content\/uploads\/2024\/10\/Uhr9.png\" alt=\"\" class=\"wp-image-856\" srcset=\"https:\/\/fedanilabs.de\/wp-content\/uploads\/2024\/10\/Uhr9.png 948w, https:\/\/fedanilabs.de\/wp-content\/uploads\/2024\/10\/Uhr9-300x188.png 300w, https:\/\/fedanilabs.de\/wp-content\/uploads\/2024\/10\/Uhr9-768x481.png 768w, https:\/\/fedanilabs.de\/wp-content\/uploads\/2024\/10\/Uhr9-600x376.png 600w\" sizes=\"auto, (max-width: 948px) 100vw, 948px\" \/><\/figure>\n\n\n\n<figure class=\"wp-block-image size-full\"><img loading=\"lazy\" decoding=\"async\" width=\"946\" height=\"591\" src=\"https:\/\/fedanilabs.de\/wp-content\/uploads\/2024\/10\/Text1.png\" alt=\"\" class=\"wp-image-857\" srcset=\"https:\/\/fedanilabs.de\/wp-content\/uploads\/2024\/10\/Text1.png 946w, https:\/\/fedanilabs.de\/wp-content\/uploads\/2024\/10\/Text1-300x187.png 300w, https:\/\/fedanilabs.de\/wp-content\/uploads\/2024\/10\/Text1-768x480.png 768w, https:\/\/fedanilabs.de\/wp-content\/uploads\/2024\/10\/Text1-600x375.png 600w\" sizes=\"auto, (max-width: 946px) 100vw, 946px\" \/><\/figure>\n<\/div>\n\n\n\n<p>The lights work just like binary digits, where each position has a specific value.<\/p>\n\n\n\n<div class=\"wp-block-group is-nowrap is-layout-flex wp-container-core-group-is-layout-6c531013 wp-block-group-is-layout-flex\">\n<figure class=\"wp-block-image size-full\"><img loading=\"lazy\" decoding=\"async\" width=\"948\" height=\"594\" src=\"https:\/\/fedanilabs.de\/wp-content\/uploads\/2024\/10\/Uhr6.png\" alt=\"\" class=\"wp-image-858\" srcset=\"https:\/\/fedanilabs.de\/wp-content\/uploads\/2024\/10\/Uhr6.png 948w, https:\/\/fedanilabs.de\/wp-content\/uploads\/2024\/10\/Uhr6-300x188.png 300w, https:\/\/fedanilabs.de\/wp-content\/uploads\/2024\/10\/Uhr6-768x481.png 768w, https:\/\/fedanilabs.de\/wp-content\/uploads\/2024\/10\/Uhr6-600x376.png 600w\" sizes=\"auto, (max-width: 948px) 100vw, 948px\" \/><\/figure>\n\n\n\n<figure class=\"wp-block-image size-full\"><img loading=\"lazy\" decoding=\"async\" width=\"945\" height=\"592\" src=\"https:\/\/fedanilabs.de\/wp-content\/uploads\/2024\/10\/Text5.png\" alt=\"\" class=\"wp-image-859\" srcset=\"https:\/\/fedanilabs.de\/wp-content\/uploads\/2024\/10\/Text5.png 945w, https:\/\/fedanilabs.de\/wp-content\/uploads\/2024\/10\/Text5-300x188.png 300w, https:\/\/fedanilabs.de\/wp-content\/uploads\/2024\/10\/Text5-768x481.png 768w, https:\/\/fedanilabs.de\/wp-content\/uploads\/2024\/10\/Text5-600x376.png 600w\" sizes=\"auto, (max-width: 945px) 100vw, 945px\" \/><\/figure>\n<\/div>\n\n\n\n<p>Um die Uhrzeit zu lesen muss man also die Werte der leuchtenden Lampen aufaddieren:<\/p>\n\n\n\n<div class=\"wp-block-group is-nowrap is-layout-flex wp-container-core-group-is-layout-6c531013 wp-block-group-is-layout-flex\">\n<figure class=\"wp-block-image size-full\"><img loading=\"lazy\" decoding=\"async\" width=\"949\" height=\"594\" src=\"https:\/\/fedanilabs.de\/wp-content\/uploads\/2024\/10\/Uhr8.png\" alt=\"\" class=\"wp-image-860\" srcset=\"https:\/\/fedanilabs.de\/wp-content\/uploads\/2024\/10\/Uhr8.png 949w, https:\/\/fedanilabs.de\/wp-content\/uploads\/2024\/10\/Uhr8-300x188.png 300w, https:\/\/fedanilabs.de\/wp-content\/uploads\/2024\/10\/Uhr8-768x481.png 768w, https:\/\/fedanilabs.de\/wp-content\/uploads\/2024\/10\/Uhr8-600x376.png 600w\" sizes=\"auto, (max-width: 949px) 100vw, 949px\" \/><\/figure>\n\n\n\n<figure class=\"wp-block-image size-full\"><img loading=\"lazy\" decoding=\"async\" width=\"946\" height=\"591\" src=\"https:\/\/fedanilabs.de\/wp-content\/uploads\/2024\/10\/Text3.png\" alt=\"\" class=\"wp-image-861\" srcset=\"https:\/\/fedanilabs.de\/wp-content\/uploads\/2024\/10\/Text3.png 946w, https:\/\/fedanilabs.de\/wp-content\/uploads\/2024\/10\/Text3-300x187.png 300w, https:\/\/fedanilabs.de\/wp-content\/uploads\/2024\/10\/Text3-768x480.png 768w, https:\/\/fedanilabs.de\/wp-content\/uploads\/2024\/10\/Text3-600x375.png 600w\" sizes=\"auto, (max-width: 946px) 100vw, 946px\" \/><\/figure>\n<\/div>\n\n\n\n<p>Die Uhr zeigt gerade <strong>16:52:26<\/strong>.<\/p>\n<\/div>","protected":false},"excerpt":{"rendered":"<p>The Binary System Here we explain how the binary system works so you can understand what\u2019s behind the clock. If you\u2019re only interested in learning how to read the clock, just skip ahead to The Clock. In the decimal system, a number like 573 is made up of the parts 5\u00d7100, 7\u00d710, and 3\u00d71. The [&hellip;]<\/p>\n","protected":false},"author":1,"featured_media":0,"parent":0,"menu_order":0,"comment_status":"closed","ping_status":"closed","template":"wp-custom-template-template-anleitung","meta":{"_themeisle_gutenberg_block_has_review":false,"footnotes":""},"class_list":["post-756","page","type-page","status-publish","hentry"],"jetpack_sharing_enabled":true,"_links":{"self":[{"href":"https:\/\/fedanilabs.de\/de\/wp-json\/wp\/v2\/pages\/756","targetHints":{"allow":["GET"]}}],"collection":[{"href":"https:\/\/fedanilabs.de\/de\/wp-json\/wp\/v2\/pages"}],"about":[{"href":"https:\/\/fedanilabs.de\/de\/wp-json\/wp\/v2\/types\/page"}],"author":[{"embeddable":true,"href":"https:\/\/fedanilabs.de\/de\/wp-json\/wp\/v2\/users\/1"}],"replies":[{"embeddable":true,"href":"https:\/\/fedanilabs.de\/de\/wp-json\/wp\/v2\/comments?post=756"}],"version-history":[{"count":46,"href":"https:\/\/fedanilabs.de\/de\/wp-json\/wp\/v2\/pages\/756\/revisions"}],"predecessor-version":[{"id":1005,"href":"https:\/\/fedanilabs.de\/de\/wp-json\/wp\/v2\/pages\/756\/revisions\/1005"}],"wp:attachment":[{"href":"https:\/\/fedanilabs.de\/de\/wp-json\/wp\/v2\/media?parent=756"}],"curies":[{"name":"wp","href":"https:\/\/api.w.org\/{rel}","templated":true}]}}